{"id":37,"date":"2020-10-30T15:41:01","date_gmt":"2020-10-30T15:41:01","guid":{"rendered":"http:\/\/drogosz-nadarkiewicz.pl\/?page_id=37"},"modified":"2020-10-30T16:21:41","modified_gmt":"2020-10-30T16:21:41","slug":"kancelaria-radcy-prawnego-lodz","status":"publish","type":"page","link":"https:\/\/drogosz-nadarkiewicz.pl\/","title":{"rendered":"Kancelaria Radcy Prawnego \u0141\u00f3d\u017a"},"content":{"rendered":"\n<div class=\"wp-block-image\"><figure class=\"aligncenter size-large is-resized\"><img loading=\"lazy\" src=\"https:\/\/drogosz-nadarkiewicz.pl\/wp-content\/uploads\/2020\/10\/logo-standard-biale-1000x787-1.png\" alt=\"\" class=\"wp-image-61\" width=\"981\" height=\"773\" srcset=\"https:\/\/drogosz-nadarkiewicz.pl\/wp-content\/uploads\/2020\/10\/logo-standard-biale-1000x787-1.png 1000w, https:\/\/drogosz-nadarkiewicz.pl\/wp-content\/uploads\/2020\/10\/logo-standard-biale-1000x787-1-300x236.png 300w, https:\/\/drogosz-nadarkiewicz.pl\/wp-content\/uploads\/2020\/10\/logo-standard-biale-1000x787-1-768x604.png 768w\" sizes=\"(max-width: 981px) 100vw, 981px\" \/><\/figure><\/div>\n\n\n\n<p><\/p>\n","protected":false},"excerpt":{"rendered":"","protected":false},"author":1,"featured_media":51,"parent":0,"menu_order":0,"comment_status":"closed","ping_status":"closed","template":"templates\/template-cover.php","meta":[],"_links":{"self":[{"href":"https:\/\/drogosz-nadarkiewicz.pl\/index.php\/wp-json\/wp\/v2\/pages\/37"}],"collection":[{"href":"https:\/\/drogosz-nadarkiewicz.pl\/index.php\/wp-json\/wp\/v2\/pages"}],"about":[{"href":"https:\/\/drogosz-nadarkiewicz.pl\/index.php\/wp-json\/wp\/v2\/types\/page"}],"author":[{"embeddable":true,"href":"https:\/\/drogosz-nadarkiewicz.pl\/index.php\/wp-json\/wp\/v2\/users\/1"}],"replies":[{"embeddable":true,"href":"https:\/\/drogosz-nadarkiewicz.pl\/index.php\/wp-json\/wp\/v2\/comments?post=37"}],"version-history":[{"count":5,"href":"https:\/\/drogosz-nadarkiewicz.pl\/index.php\/wp-json\/wp\/v2\/pages\/37\/revisions"}],"predecessor-version":[{"id":64,"href":"https:\/\/drogosz-nadarkiewicz.pl\/index.php\/wp-json\/wp\/v2\/pages\/37\/revisions\/64"}],"wp:featuredmedia":[{"embeddable":true,"href":"https:\/\/drogosz-nadarkiewicz.pl\/index.php\/wp-json\/wp\/v2\/media\/51"}],"wp:attachment":[{"href":"https:\/\/drogosz-nadarkiewicz.pl\/index.php\/wp-json\/wp\/v2\/media?parent=37"}],"curies":[{"name":"wp","href":"https:\/\/api.w.org\/{rel}","templated":true}]}}